{"id":132,"date":"2026-03-31T10:36:46","date_gmt":"2026-03-31T10:36:46","guid":{"rendered":"https:\/\/nolvx.com\/?page_id=132"},"modified":"2026-04-22T15:25:29","modified_gmt":"2026-04-22T15:25:29","slug":"iletisim","status":"publish","type":"page","link":"https:\/\/ydept.com\/en\/iletisim\/","title":{"rendered":"Contact"},"content":{"rendered":"<p>You can reach us at the following email address for your g\u00f6r\u00fc\u015f, suggestions, complaints, and copyright notices.<\/p>\n<p>administrator<span class=\"atwho-query\">@ydept.com<\/span><\/p>","protected":false},"excerpt":{"rendered":"<p>G\u00f6r\u00fc\u015f, \u00f6neri, \u015fikayet ve telif hakk\u0131 bildirimleriniz i\u00e7in a\u015fa\u011f\u0131daki e-posta adresinden bize ula\u015fabilirsiniz. admin@ydept.com<\/p>","protected":false},"author":1,"featured_media":0,"parent":0,"menu_order":0,"comment_status":"closed","ping_status":"closed","template":"","meta":{"footnotes":""},"class_list":["post-132","page","type-page","status-publish","hentry"],"yoast_head":"<!-- This site is optimized with the Yoast SEO plugin v27.4 - https:\/\/yoast.com\/product\/yoast-seo-wordpress\/ -->\n<title>\u0130leti\u015fim | Ydept<\/title>\n<meta name=\"robots\" content=\"index, follow, max-snippet:-1, max-image-preview:large, max-video-preview:-1\" \/>\n<link rel=\"canonical\" href=\"https:\/\/ydept.com\/en\/iletisim\/\" \/>\n<meta property=\"og:locale\" content=\"en_US\" \/>\n<meta property=\"og:type\" content=\"article\" \/>\n<meta property=\"og:title\" content=\"\u0130leti\u015fim | Ydept\" \/>\n<meta property=\"og:description\" content=\"G\u00f6r\u00fc\u015f, \u00f6neri, \u015fikayet ve telif hakk\u0131 bildirimleriniz i\u00e7in a\u015fa\u011f\u0131daki e-posta adresinden bize ula\u015fabilirsiniz. admin@ydept.com\" \/>\n<meta property=\"og:url\" content=\"https:\/\/ydept.com\/en\/iletisim\/\" \/>\n<meta property=\"og:site_name\" content=\"Ydept\" \/>\n<meta property=\"article:modified_time\" content=\"2026-04-22T15:25:29+00:00\" \/>\n<meta name=\"twitter:card\" content=\"summary_large_image\" \/>\n<meta name=\"twitter:label1\" content=\"Est. reading time\" \/>\n\t<meta name=\"twitter:data1\" content=\"1 minute\" \/>\n<script type=\"application\/ld+json\" class=\"yoast-schema-graph\">{\"@context\":\"https:\\\/\\\/schema.org\",\"@graph\":[{\"@type\":\"WebPage\",\"@id\":\"https:\\\/\\\/ydept.com\\\/iletisim\\\/\",\"url\":\"https:\\\/\\\/ydept.com\\\/iletisim\\\/\",\"name\":\"\u0130leti\u015fim | Ydept\",\"isPartOf\":{\"@id\":\"https:\\\/\\\/ydept.com\\\/#website\"},\"datePublished\":\"2026-03-31T10:36:46+00:00\",\"dateModified\":\"2026-04-22T15:25:29+00:00\",\"breadcrumb\":{\"@id\":\"https:\\\/\\\/ydept.com\\\/iletisim\\\/#breadcrumb\"},\"inLanguage\":\"en-US\",\"potentialAction\":[{\"@type\":\"ReadAction\",\"target\":[\"https:\\\/\\\/ydept.com\\\/iletisim\\\/\"]}]},{\"@type\":\"BreadcrumbList\",\"@id\":\"https:\\\/\\\/ydept.com\\\/iletisim\\\/#breadcrumb\",\"itemListElement\":[{\"@type\":\"ListItem\",\"position\":1,\"name\":\"Anasayfa\",\"item\":\"https:\\\/\\\/ydept.com\\\/\"},{\"@type\":\"ListItem\",\"position\":2,\"name\":\"\u0130leti\u015fim\"}]},{\"@type\":\"WebSite\",\"@id\":\"https:\\\/\\\/ydept.com\\\/#website\",\"url\":\"https:\\\/\\\/ydept.com\\\/\",\"name\":\"Ydept\",\"description\":\"Uygulama &amp; Oyun\",\"potentialAction\":[{\"@type\":\"SearchAction\",\"target\":{\"@type\":\"EntryPoint\",\"urlTemplate\":\"https:\\\/\\\/ydept.com\\\/?s={search_term_string}\"},\"query-input\":{\"@type\":\"PropertyValueSpecification\",\"valueRequired\":true,\"valueName\":\"search_term_string\"}}],\"inLanguage\":\"en-US\"}]}<\/script>\n<!-- \/ Yoast SEO plugin. -->","yoast_head_json":{"title":"\u0130leti\u015fim | Ydept","robots":{"index":"index","follow":"follow","max-snippet":"max-snippet:-1","max-image-preview":"max-image-preview:large","max-video-preview":"max-video-preview:-1"},"canonical":"https:\/\/ydept.com\/en\/iletisim\/","og_locale":"en_US","og_type":"article","og_title":"\u0130leti\u015fim | Ydept","og_description":"G\u00f6r\u00fc\u015f, \u00f6neri, \u015fikayet ve telif hakk\u0131 bildirimleriniz i\u00e7in a\u015fa\u011f\u0131daki e-posta adresinden bize ula\u015fabilirsiniz. admin@ydept.com","og_url":"https:\/\/ydept.com\/en\/iletisim\/","og_site_name":"Ydept","article_modified_time":"2026-04-22T15:25:29+00:00","twitter_card":"summary_large_image","twitter_misc":{"Est. reading time":"1 minute"},"schema":{"@context":"https:\/\/schema.org","@graph":[{"@type":"WebPage","@id":"https:\/\/ydept.com\/iletisim\/","url":"https:\/\/ydept.com\/iletisim\/","name":"\u0130leti\u015fim | Ydept","isPartOf":{"@id":"https:\/\/ydept.com\/#website"},"datePublished":"2026-03-31T10:36:46+00:00","dateModified":"2026-04-22T15:25:29+00:00","breadcrumb":{"@id":"https:\/\/ydept.com\/iletisim\/#breadcrumb"},"inLanguage":"en-US","potentialAction":[{"@type":"ReadAction","target":["https:\/\/ydept.com\/iletisim\/"]}]},{"@type":"BreadcrumbList","@id":"https:\/\/ydept.com\/iletisim\/#breadcrumb","itemListElement":[{"@type":"ListItem","position":1,"name":"Anasayfa","item":"https:\/\/ydept.com\/"},{"@type":"ListItem","position":2,"name":"\u0130leti\u015fim"}]},{"@type":"WebSite","@id":"https:\/\/ydept.com\/#website","url":"https:\/\/ydept.com\/","name":"Ydept","description":"Uygulama &amp; Oyun","potentialAction":[{"@type":"SearchAction","target":{"@type":"EntryPoint","urlTemplate":"https:\/\/ydept.com\/?s={search_term_string}"},"query-input":{"@type":"PropertyValueSpecification","valueRequired":true,"valueName":"search_term_string"}}],"inLanguage":"en-US"}]}},"_links":{"self":[{"href":"https:\/\/ydept.com\/en\/wp-json\/wp\/v2\/pages\/132","targetHints":{"allow":["GET"]}}],"collection":[{"href":"https:\/\/ydept.com\/en\/wp-json\/wp\/v2\/pages"}],"about":[{"href":"https:\/\/ydept.com\/en\/wp-json\/wp\/v2\/types\/page"}],"author":[{"embeddable":true,"href":"https:\/\/ydept.com\/en\/wp-json\/wp\/v2\/users\/1"}],"replies":[{"embeddable":true,"href":"https:\/\/ydept.com\/en\/wp-json\/wp\/v2\/comments?post=132"}],"version-history":[{"count":3,"href":"https:\/\/ydept.com\/en\/wp-json\/wp\/v2\/pages\/132\/revisions"}],"predecessor-version":[{"id":176,"href":"https:\/\/ydept.com\/en\/wp-json\/wp\/v2\/pages\/132\/revisions\/176"}],"wp:attachment":[{"href":"https:\/\/ydept.com\/en\/wp-json\/wp\/v2\/media?parent=132"}],"curies":[{"name":"wp","href":"https:\/\/api.w.org\/{rel}","templated":true}]}}