{"id":134,"date":"2026-03-31T10:37:04","date_gmt":"2026-03-31T10:37:04","guid":{"rendered":"https:\/\/nolvx.com\/?page_id=134"},"modified":"2026-04-22T15:25:25","modified_gmt":"2026-04-22T15:25:25","slug":"hakkimizda","status":"publish","type":"page","link":"https:\/\/ydept.com\/en\/hakkimizda\/","title":{"rendered":"About Us"},"content":{"rendered":"<p>ydept.com geli\u015fen internet \u00e7a\u011f\u0131nda daha ileri becerilere sahip olman\u0131z\u0131 sa\u011flayan bir com indirme sitesidir. Kurulu\u015f tarihi 01.01.2020 olan sitemizdeki deneyimli ekip \u00fcyelerimiz ile sizlere daha iyi hizmet verebilmek i\u00e7in kurulduk. Tamamen \u00fccretsiz olarak sundu\u011fumuz hizmetlerin kullan\u0131labilirli\u011fini art\u0131rmak i\u00e7in sitemizin tasar\u0131m\u0131n\u0131 basitle\u015ftiriyor ve kullan\u0131m kolayl\u0131\u011f\u0131 sunuyoruz<\/p>\n<p>Hizmetler<\/p>\n<p>Android i\u015fletim sistemi hakk\u0131nda akl\u0131n\u0131za gelebilecek t\u00fcm uygulama ve oyunlar\u0131n APK (Android Paketi) dosyalar\u0131n\u0131 \u00fccretsiz olarak indirmenize olanak tan\u0131r. Oyunlar kategorisi alt\u0131nda \u015funlar yer almaktad\u0131r.<\/p>\n<p>Android Oyunlar\/ Oyunlar<br \/>\nAksiyon\/ Aksiyon<br \/>\nYapboz\/ Yapboz<br \/>\nMacera\/ Macera<br \/>\nSim\u00fclasyon \/ Sim\u00fclasyon<br \/>\nYar\u0131\u015f\/ Yar\u0131\u015f<br \/>\nStrateji \/ Strateji<\/p>\n<p>Art\u0131k oyunlar kategorisini bildi\u011finize g\u00f6re, uygulamalar hakk\u0131nda bilgi edinmenin zaman\u0131 geldi. Uygulamalar kategorisinin alt kategorileri a\u015fa\u011f\u0131daki gibidir;<\/p>\n<p>Android Uygulamalar\u0131 \/ Uygulamalar\u0131<br \/>\nAra\u00e7lar \/ Ara\u00e7lar<br \/>\nE\u011fitim\/ \u00d6\u011fretim<br \/>\nE\u011flence<br \/>\nFinans \/ i\u015fletme<br \/>\nFoto\u011fraf\u00e7\u0131l\u0131k\/ Foto\u011fraf\u00e7\u0131l\u0131k<br \/>\nM\u00fczik ve Ses<br \/>\nSosyal \/ Sosyal<br \/>\nSpor\/Spor<br \/>\nVerimlilik\/ Verimlilik<br \/>\nSeyahat ve Yerel<\/p>\n<p>\u015eikayet\/\u00f6nerilerinizi ileti\u015fim sayfas\u0131ndan iletebilirsiniz. &gt;&gt;\u00a0<a href=\"\/en\/iletisim\/\">\u0130leti\u015fim Sayfas\u0131<\/a><\/p>","protected":false},"excerpt":{"rendered":"<p>ydept.com geli\u015fen internet \u00e7a\u011f\u0131nda daha ileri becerilere sahip olman\u0131z\u0131 sa\u011flayan bir com indirme sitesidir. Kurulu\u015f tarihi 01.01.2020 olan sitemizdeki deneyimli ekip \u00fcyelerimiz ile sizlere daha iyi hizmet verebilmek i\u00e7in kurulduk. Tamamen \u00fccretsiz olarak sundu\u011fumuz hizmetlerin kullan\u0131labilirli\u011fini art\u0131rmak i\u00e7in sitemizin tasar\u0131m\u0131n\u0131 basitle\u015ftiriyor ve kullan\u0131m kolayl\u0131\u011f\u0131 sunuyoruz Hizmetler Android i\u015fletim sistemi hakk\u0131nda akl\u0131n\u0131za gelebilecek t\u00fcm uygulama ve [&hellip;]<\/p>\n","protected":false},"author":1,"featured_media":0,"parent":0,"menu_order":0,"comment_status":"closed","ping_status":"closed","template":"","meta":{"footnotes":""},"class_list":["post-134","page","type-page","status-publish","hentry"],"yoast_head":"<!-- This site is optimized with the Yoast SEO plugin v27.4 - https:\/\/yoast.com\/product\/yoast-seo-wordpress\/ -->\n<title>Hakk\u0131m\u0131zda | Ydept<\/title>\n<meta name=\"robots\" content=\"index, follow, max-snippet:-1, max-image-preview:large, max-video-preview:-1\" \/>\n<link rel=\"canonical\" href=\"https:\/\/ydept.com\/en\/hakkimizda\/\" \/>\n<meta property=\"og:locale\" content=\"en_US\" \/>\n<meta property=\"og:type\" content=\"article\" \/>\n<meta property=\"og:title\" content=\"Hakk\u0131m\u0131zda | Ydept\" \/>\n<meta property=\"og:description\" content=\"ydept.com geli\u015fen internet \u00e7a\u011f\u0131nda daha ileri becerilere sahip olman\u0131z\u0131 sa\u011flayan bir com indirme sitesidir. Kurulu\u015f tarihi 01.01.2020 olan sitemizdeki deneyimli ekip \u00fcyelerimiz ile sizlere daha iyi hizmet verebilmek i\u00e7in kurulduk. Tamamen \u00fccretsiz olarak sundu\u011fumuz hizmetlerin kullan\u0131labilirli\u011fini art\u0131rmak i\u00e7in sitemizin tasar\u0131m\u0131n\u0131 basitle\u015ftiriyor ve kullan\u0131m kolayl\u0131\u011f\u0131 sunuyoruz Hizmetler Android i\u015fletim sistemi hakk\u0131nda akl\u0131n\u0131za gelebilecek t\u00fcm uygulama ve [&hellip;]\" \/>\n<meta property=\"og:url\" content=\"https:\/\/ydept.com\/en\/hakkimizda\/\" \/>\n<meta property=\"og:site_name\" content=\"Ydept\" \/>\n<meta property=\"article:modified_time\" content=\"2026-04-22T15:25:25+00:00\" \/>\n<meta name=\"twitter:card\" content=\"summary_large_image\" \/>\n<meta name=\"twitter:label1\" content=\"Est. reading time\" \/>\n\t<meta name=\"twitter:data1\" content=\"1 minute\" \/>\n<script type=\"application\/ld+json\" class=\"yoast-schema-graph\">{\"@context\":\"https:\\\/\\\/schema.org\",\"@graph\":[{\"@type\":\"WebPage\",\"@id\":\"https:\\\/\\\/ydept.com\\\/hakkimizda\\\/\",\"url\":\"https:\\\/\\\/ydept.com\\\/hakkimizda\\\/\",\"name\":\"Hakk\u0131m\u0131zda | Ydept\",\"isPartOf\":{\"@id\":\"https:\\\/\\\/ydept.com\\\/#website\"},\"datePublished\":\"2026-03-31T10:37:04+00:00\",\"dateModified\":\"2026-04-22T15:25:25+00:00\",\"breadcrumb\":{\"@id\":\"https:\\\/\\\/ydept.com\\\/hakkimizda\\\/#breadcrumb\"},\"inLanguage\":\"en-US\",\"potentialAction\":[{\"@type\":\"ReadAction\",\"target\":[\"https:\\\/\\\/ydept.com\\\/hakkimizda\\\/\"]}]},{\"@type\":\"BreadcrumbList\",\"@id\":\"https:\\\/\\\/ydept.com\\\/hakkimizda\\\/#breadcrumb\",\"itemListElement\":[{\"@type\":\"ListItem\",\"position\":1,\"name\":\"Anasayfa\",\"item\":\"https:\\\/\\\/ydept.com\\\/\"},{\"@type\":\"ListItem\",\"position\":2,\"name\":\"Hakk\u0131m\u0131zda\"}]},{\"@type\":\"WebSite\",\"@id\":\"https:\\\/\\\/ydept.com\\\/#website\",\"url\":\"https:\\\/\\\/ydept.com\\\/\",\"name\":\"Ydept\",\"description\":\"Uygulama &amp; Oyun\",\"potentialAction\":[{\"@type\":\"SearchAction\",\"target\":{\"@type\":\"EntryPoint\",\"urlTemplate\":\"https:\\\/\\\/ydept.com\\\/?s={search_term_string}\"},\"query-input\":{\"@type\":\"PropertyValueSpecification\",\"valueRequired\":true,\"valueName\":\"search_term_string\"}}],\"inLanguage\":\"en-US\"}]}<\/script>\n<!-- \/ Yoast SEO plugin. -->","yoast_head_json":{"title":"Hakk\u0131m\u0131zda | Ydept","robots":{"index":"index","follow":"follow","max-snippet":"max-snippet:-1","max-image-preview":"max-image-preview:large","max-video-preview":"max-video-preview:-1"},"canonical":"https:\/\/ydept.com\/en\/hakkimizda\/","og_locale":"en_US","og_type":"article","og_title":"Hakk\u0131m\u0131zda | Ydept","og_description":"ydept.com geli\u015fen internet \u00e7a\u011f\u0131nda daha ileri becerilere sahip olman\u0131z\u0131 sa\u011flayan bir com indirme sitesidir. Kurulu\u015f tarihi 01.01.2020 olan sitemizdeki deneyimli ekip \u00fcyelerimiz ile sizlere daha iyi hizmet verebilmek i\u00e7in kurulduk. Tamamen \u00fccretsiz olarak sundu\u011fumuz hizmetlerin kullan\u0131labilirli\u011fini art\u0131rmak i\u00e7in sitemizin tasar\u0131m\u0131n\u0131 basitle\u015ftiriyor ve kullan\u0131m kolayl\u0131\u011f\u0131 sunuyoruz Hizmetler Android i\u015fletim sistemi hakk\u0131nda akl\u0131n\u0131za gelebilecek t\u00fcm uygulama ve [&hellip;]","og_url":"https:\/\/ydept.com\/en\/hakkimizda\/","og_site_name":"Ydept","article_modified_time":"2026-04-22T15:25:25+00:00","twitter_card":"summary_large_image","twitter_misc":{"Est. reading time":"1 minute"},"schema":{"@context":"https:\/\/schema.org","@graph":[{"@type":"WebPage","@id":"https:\/\/ydept.com\/hakkimizda\/","url":"https:\/\/ydept.com\/hakkimizda\/","name":"Hakk\u0131m\u0131zda | Ydept","isPartOf":{"@id":"https:\/\/ydept.com\/#website"},"datePublished":"2026-03-31T10:37:04+00:00","dateModified":"2026-04-22T15:25:25+00:00","breadcrumb":{"@id":"https:\/\/ydept.com\/hakkimizda\/#breadcrumb"},"inLanguage":"en-US","potentialAction":[{"@type":"ReadAction","target":["https:\/\/ydept.com\/hakkimizda\/"]}]},{"@type":"BreadcrumbList","@id":"https:\/\/ydept.com\/hakkimizda\/#breadcrumb","itemListElement":[{"@type":"ListItem","position":1,"name":"Anasayfa","item":"https:\/\/ydept.com\/"},{"@type":"ListItem","position":2,"name":"Hakk\u0131m\u0131zda"}]},{"@type":"WebSite","@id":"https:\/\/ydept.com\/#website","url":"https:\/\/ydept.com\/","name":"Ydept","description":"Uygulama &amp; Oyun","potentialAction":[{"@type":"SearchAction","target":{"@type":"EntryPoint","urlTemplate":"https:\/\/ydept.com\/?s={search_term_string}"},"query-input":{"@type":"PropertyValueSpecification","valueRequired":true,"valueName":"search_term_string"}}],"inLanguage":"en-US"}]}},"_links":{"self":[{"href":"https:\/\/ydept.com\/en\/wp-json\/wp\/v2\/pages\/134","targetHints":{"allow":["GET"]}}],"collection":[{"href":"https:\/\/ydept.com\/en\/wp-json\/wp\/v2\/pages"}],"about":[{"href":"https:\/\/ydept.com\/en\/wp-json\/wp\/v2\/types\/page"}],"author":[{"embeddable":true,"href":"https:\/\/ydept.com\/en\/wp-json\/wp\/v2\/users\/1"}],"replies":[{"embeddable":true,"href":"https:\/\/ydept.com\/en\/wp-json\/wp\/v2\/comments?post=134"}],"version-history":[{"count":3,"href":"https:\/\/ydept.com\/en\/wp-json\/wp\/v2\/pages\/134\/revisions"}],"predecessor-version":[{"id":175,"href":"https:\/\/ydept.com\/en\/wp-json\/wp\/v2\/pages\/134\/revisions\/175"}],"wp:attachment":[{"href":"https:\/\/ydept.com\/en\/wp-json\/wp\/v2\/media?parent=134"}],"curies":[{"name":"wp","href":"https:\/\/api.w.org\/{rel}","templated":true}]}}