{"id":138,"date":"2026-03-31T10:37:39","date_gmt":"2026-03-31T10:37:39","guid":{"rendered":"https:\/\/nolvx.com\/?page_id=138"},"modified":"2026-04-22T15:25:37","modified_gmt":"2026-04-22T15:25:37","slug":"yasal-uyari","status":"publish","type":"page","link":"https:\/\/ydept.com\/en\/yasal-uyari\/","title":{"rendered":"Legal Notice"},"content":{"rendered":"<p>ydept.com \u2018u\u00a0 kullanmadan \u00f6nce bu sayfada yer alan yasal uyar\u0131lar\u0131 dikkate alman\u0131z\u0131 ve ard\u0131ndan hizmetlerimizi kullanman\u0131z\u0131 \u00f6nemle rica ederiz. sitemizde oturum a\u00e7\u0131p hizmetimizi kullanmaya ba\u015flad\u0131\u011f\u0131n\u0131zda, a\u015fa\u011f\u0131daki t\u00fcm \u015fartlar\u0131 kabul etmi\u015f olursunuz;<\/p>\n<p>Kullan\u0131c\u0131 Sorumluluklar\u0131 (Kullan\u0131c\u0131lar\u0131n Sorumluluklar\u0131)<br \/>\nsitemizde, yapt\u0131\u011f\u0131n\u0131z t\u00fcm payla\u015f\u0131mlardan, bildirimlerden ve hatta yorumlardan ki\u015fisel olarak siz sorumlusunuz. \u00c7o\u011fu, ortaya \u00e7\u0131kabilecek yasal durumlarda sitemiz kullan\u0131c\u0131 eylemlerinden sorumlu tutulamaz.<\/p>\n<p>Harici ba\u011flant\u0131lar\u0131n ve sunulan \u00fccretsiz i\u00e7eri\u011fin kullan\u0131m\u0131yla ilgili t\u00fcm sorumluluk kullan\u0131c\u0131 olarak size aittir. Vir\u00fcs gibi gerekli kontrolleri tekrar yapmak tamamen sizin sorumlulu\u011funuzdad\u0131r.<br \/>\nsitemiz kendisine dahil etti\u011fi herhangi bir yaz\u0131l\u0131m veya yaz\u0131l\u0131m sa\u011flay\u0131c\u0131s\u0131 i\u00e7in herhangi bir garanti vermez. Kullanmak istedi\u011finiz yaz\u0131l\u0131m\u0131n bir sonucu olarak ortaya \u00e7\u0131kacak maddi ve manevi zararlar halinde web sitemizden hi\u00e7bir hak talep edilemez.<br \/>\nGizlilik Politikas\u0131 sayfas\u0131nda sa\u011flad\u0131\u011f\u0131m\u0131z t\u00fcm gizlilik ko\u015fullar\u0131, bu web sitesini ziyaret eden ve kullanan kullan\u0131c\u0131lar\u0131m\u0131z i\u00e7in ge\u00e7erlidir.<br \/>\nsitemiz sundu\u011fu \u00fccretsiz hizmetler i\u00e7in \u00fccret talep etme veya bunlar\u0131 haber vermeksizin yay\u0131ndan kald\u0131rma hakk\u0131na sahiptir.<\/p>\n<p>Bu s\u00f6zle\u015fmede yer alan t\u00fcm kurallar, web sitemizi ziyaret eden her kullan\u0131c\u0131 taraf\u0131ndan kabul edilmi\u015f say\u0131l\u0131r. Web sitemiz, bizim ad\u0131m\u0131za a\u00e7\u0131lacak t\u00fcm davalarda bu yasal ihbar ve s\u00f6zle\u015fmenin avukatlar\u0131m\u0131z arac\u0131l\u0131\u011f\u0131yla size resmi ve d\u00fczenlenmi\u015f bir \u015fekilde sunulaca\u011f\u0131n\u0131 bildiririz.<\/p>","protected":false},"excerpt":{"rendered":"<p>ydept.com \u2018u\u00a0 kullanmadan \u00f6nce bu sayfada yer alan yasal uyar\u0131lar\u0131 dikkate alman\u0131z\u0131 ve ard\u0131ndan hizmetlerimizi kullanman\u0131z\u0131 \u00f6nemle rica ederiz. sitemizde oturum a\u00e7\u0131p hizmetimizi kullanmaya ba\u015flad\u0131\u011f\u0131n\u0131zda, a\u015fa\u011f\u0131daki t\u00fcm \u015fartlar\u0131 kabul etmi\u015f olursunuz; Kullan\u0131c\u0131 Sorumluluklar\u0131 (Kullan\u0131c\u0131lar\u0131n Sorumluluklar\u0131) sitemizde, yapt\u0131\u011f\u0131n\u0131z t\u00fcm payla\u015f\u0131mlardan, bildirimlerden ve hatta yorumlardan ki\u015fisel olarak siz sorumlusunuz. \u00c7o\u011fu, ortaya \u00e7\u0131kabilecek yasal durumlarda sitemiz kullan\u0131c\u0131 eylemlerinden [&hellip;]<\/p>\n","protected":false},"author":1,"featured_media":0,"parent":0,"menu_order":0,"comment_status":"closed","ping_status":"closed","template":"","meta":{"footnotes":""},"class_list":["post-138","page","type-page","status-publish","hentry"],"yoast_head":"<!-- This site is optimized with the Yoast SEO plugin v27.4 - https:\/\/yoast.com\/product\/yoast-seo-wordpress\/ -->\n<title>Yasal Uyar\u0131 | Ydept<\/title>\n<meta name=\"robots\" content=\"index, follow, max-snippet:-1, max-image-preview:large, max-video-preview:-1\" \/>\n<link rel=\"canonical\" href=\"https:\/\/ydept.com\/en\/yasal-uyari\/\" \/>\n<meta property=\"og:locale\" content=\"en_US\" \/>\n<meta property=\"og:type\" content=\"article\" \/>\n<meta property=\"og:title\" content=\"Yasal Uyar\u0131 | Ydept\" \/>\n<meta property=\"og:description\" content=\"ydept.com \u2018u\u00a0 kullanmadan \u00f6nce bu sayfada yer alan yasal uyar\u0131lar\u0131 dikkate alman\u0131z\u0131 ve ard\u0131ndan hizmetlerimizi kullanman\u0131z\u0131 \u00f6nemle rica ederiz. sitemizde oturum a\u00e7\u0131p hizmetimizi kullanmaya ba\u015flad\u0131\u011f\u0131n\u0131zda, a\u015fa\u011f\u0131daki t\u00fcm \u015fartlar\u0131 kabul etmi\u015f olursunuz; Kullan\u0131c\u0131 Sorumluluklar\u0131 (Kullan\u0131c\u0131lar\u0131n Sorumluluklar\u0131) sitemizde, yapt\u0131\u011f\u0131n\u0131z t\u00fcm payla\u015f\u0131mlardan, bildirimlerden ve hatta yorumlardan ki\u015fisel olarak siz sorumlusunuz. \u00c7o\u011fu, ortaya \u00e7\u0131kabilecek yasal durumlarda sitemiz kullan\u0131c\u0131 eylemlerinden [&hellip;]\" \/>\n<meta property=\"og:url\" content=\"https:\/\/ydept.com\/en\/yasal-uyari\/\" \/>\n<meta property=\"og:site_name\" content=\"Ydept\" \/>\n<meta property=\"article:modified_time\" content=\"2026-04-22T15:25:37+00:00\" \/>\n<meta name=\"twitter:card\" content=\"summary_large_image\" \/>\n<meta name=\"twitter:label1\" content=\"Est. reading time\" \/>\n\t<meta name=\"twitter:data1\" content=\"2 minutes\" \/>\n<script type=\"application\/ld+json\" class=\"yoast-schema-graph\">{\"@context\":\"https:\\\/\\\/schema.org\",\"@graph\":[{\"@type\":\"WebPage\",\"@id\":\"https:\\\/\\\/ydept.com\\\/yasal-uyari\\\/\",\"url\":\"https:\\\/\\\/ydept.com\\\/yasal-uyari\\\/\",\"name\":\"Yasal Uyar\u0131 | Ydept\",\"isPartOf\":{\"@id\":\"https:\\\/\\\/ydept.com\\\/#website\"},\"datePublished\":\"2026-03-31T10:37:39+00:00\",\"dateModified\":\"2026-04-22T15:25:37+00:00\",\"breadcrumb\":{\"@id\":\"https:\\\/\\\/ydept.com\\\/yasal-uyari\\\/#breadcrumb\"},\"inLanguage\":\"en-US\",\"potentialAction\":[{\"@type\":\"ReadAction\",\"target\":[\"https:\\\/\\\/ydept.com\\\/yasal-uyari\\\/\"]}]},{\"@type\":\"BreadcrumbList\",\"@id\":\"https:\\\/\\\/ydept.com\\\/yasal-uyari\\\/#breadcrumb\",\"itemListElement\":[{\"@type\":\"ListItem\",\"position\":1,\"name\":\"Anasayfa\",\"item\":\"https:\\\/\\\/ydept.com\\\/\"},{\"@type\":\"ListItem\",\"position\":2,\"name\":\"Yasal Uyar\u0131\"}]},{\"@type\":\"WebSite\",\"@id\":\"https:\\\/\\\/ydept.com\\\/#website\",\"url\":\"https:\\\/\\\/ydept.com\\\/\",\"name\":\"Ydept\",\"description\":\"Uygulama &amp; Oyun\",\"potentialAction\":[{\"@type\":\"SearchAction\",\"target\":{\"@type\":\"EntryPoint\",\"urlTemplate\":\"https:\\\/\\\/ydept.com\\\/?s={search_term_string}\"},\"query-input\":{\"@type\":\"PropertyValueSpecification\",\"valueRequired\":true,\"valueName\":\"search_term_string\"}}],\"inLanguage\":\"en-US\"}]}<\/script>\n<!-- \/ Yoast SEO plugin. -->","yoast_head_json":{"title":"Yasal Uyar\u0131 | Ydept","robots":{"index":"index","follow":"follow","max-snippet":"max-snippet:-1","max-image-preview":"max-image-preview:large","max-video-preview":"max-video-preview:-1"},"canonical":"https:\/\/ydept.com\/en\/yasal-uyari\/","og_locale":"en_US","og_type":"article","og_title":"Yasal Uyar\u0131 | Ydept","og_description":"ydept.com \u2018u\u00a0 kullanmadan \u00f6nce bu sayfada yer alan yasal uyar\u0131lar\u0131 dikkate alman\u0131z\u0131 ve ard\u0131ndan hizmetlerimizi kullanman\u0131z\u0131 \u00f6nemle rica ederiz. sitemizde oturum a\u00e7\u0131p hizmetimizi kullanmaya ba\u015flad\u0131\u011f\u0131n\u0131zda, a\u015fa\u011f\u0131daki t\u00fcm \u015fartlar\u0131 kabul etmi\u015f olursunuz; Kullan\u0131c\u0131 Sorumluluklar\u0131 (Kullan\u0131c\u0131lar\u0131n Sorumluluklar\u0131) sitemizde, yapt\u0131\u011f\u0131n\u0131z t\u00fcm payla\u015f\u0131mlardan, bildirimlerden ve hatta yorumlardan ki\u015fisel olarak siz sorumlusunuz. \u00c7o\u011fu, ortaya \u00e7\u0131kabilecek yasal durumlarda sitemiz kullan\u0131c\u0131 eylemlerinden [&hellip;]","og_url":"https:\/\/ydept.com\/en\/yasal-uyari\/","og_site_name":"Ydept","article_modified_time":"2026-04-22T15:25:37+00:00","twitter_card":"summary_large_image","twitter_misc":{"Est. reading time":"2 minutes"},"schema":{"@context":"https:\/\/schema.org","@graph":[{"@type":"WebPage","@id":"https:\/\/ydept.com\/yasal-uyari\/","url":"https:\/\/ydept.com\/yasal-uyari\/","name":"Yasal Uyar\u0131 | Ydept","isPartOf":{"@id":"https:\/\/ydept.com\/#website"},"datePublished":"2026-03-31T10:37:39+00:00","dateModified":"2026-04-22T15:25:37+00:00","breadcrumb":{"@id":"https:\/\/ydept.com\/yasal-uyari\/#breadcrumb"},"inLanguage":"en-US","potentialAction":[{"@type":"ReadAction","target":["https:\/\/ydept.com\/yasal-uyari\/"]}]},{"@type":"BreadcrumbList","@id":"https:\/\/ydept.com\/yasal-uyari\/#breadcrumb","itemListElement":[{"@type":"ListItem","position":1,"name":"Anasayfa","item":"https:\/\/ydept.com\/"},{"@type":"ListItem","position":2,"name":"Yasal Uyar\u0131"}]},{"@type":"WebSite","@id":"https:\/\/ydept.com\/#website","url":"https:\/\/ydept.com\/","name":"Ydept","description":"Uygulama &amp; Oyun","potentialAction":[{"@type":"SearchAction","target":{"@type":"EntryPoint","urlTemplate":"https:\/\/ydept.com\/?s={search_term_string}"},"query-input":{"@type":"PropertyValueSpecification","valueRequired":true,"valueName":"search_term_string"}}],"inLanguage":"en-US"}]}},"_links":{"self":[{"href":"https:\/\/ydept.com\/en\/wp-json\/wp\/v2\/pages\/138","targetHints":{"allow":["GET"]}}],"collection":[{"href":"https:\/\/ydept.com\/en\/wp-json\/wp\/v2\/pages"}],"about":[{"href":"https:\/\/ydept.com\/en\/wp-json\/wp\/v2\/types\/page"}],"author":[{"embeddable":true,"href":"https:\/\/ydept.com\/en\/wp-json\/wp\/v2\/users\/1"}],"replies":[{"embeddable":true,"href":"https:\/\/ydept.com\/en\/wp-json\/wp\/v2\/comments?post=138"}],"version-history":[{"count":3,"href":"https:\/\/ydept.com\/en\/wp-json\/wp\/v2\/pages\/138\/revisions"}],"predecessor-version":[{"id":178,"href":"https:\/\/ydept.com\/en\/wp-json\/wp\/v2\/pages\/138\/revisions\/178"}],"wp:attachment":[{"href":"https:\/\/ydept.com\/en\/wp-json\/wp\/v2\/media?parent=138"}],"curies":[{"name":"wp","href":"https:\/\/api.w.org\/{rel}","templated":true}]}}