{"id":142,"date":"2026-03-31T10:38:25","date_gmt":"2026-03-31T10:38:25","guid":{"rendered":"https:\/\/nolvx.com\/?page_id=142"},"modified":"2026-04-22T15:25:16","modified_gmt":"2026-04-22T15:25:16","slug":"dmca-disclaimer","status":"publish","type":"page","link":"https:\/\/ydept.com\/en\/dmca-disclaimer\/","title":{"rendered":"DMCA Disclaimer"},"content":{"rendered":"<p>Daha fazla bilgi i\u00e7in veya sitemizin feragatnamesi hakk\u0131nda herhangi bir sorunuz varsa, l\u00fctfen ileti\u015fim sayfas\u0131ndan bizimle ileti\u015fime ge\u00e7mekten \u00e7ekinmeyin.<\/p>\n<p>Feragatnameler<\/p>\n<p>Bu web sitesindeki t\u00fcm bilgiler \u2013 ydept.com \u2013 iyi niyetle ve sadece genel bilgi ama\u00e7l\u0131 yay\u0131nlanmaktad\u0131r. sitemiz bu bilgilerin eksiksizli\u011fi, g\u00fcvenilirli\u011fi ve do\u011frulu\u011fu konusunda hi\u00e7bir garanti vermez. Bu web sitesinde buldu\u011funuz bilgilerle ilgili herhangi bir i\u015flem kesinlikle kendi sorumlulu\u011funuzdad\u0131r. Web sitemizin kullan\u0131m\u0131yla ilgili herhangi bir kay\u0131p ve \/ veya zarardan sorumlu tutulamaz. Feragatnamemiz, Feragatname Olu\u015fturucu com ve Feragatname Olu\u015fturucu yard\u0131m\u0131yla olu\u015fturuldu.<\/p>\n<p>Web sitemizden, bu harici sitelere giden k\u00f6pr\u00fcleri takip ederek di\u011fer web sitelerini ziyaret edebilirsiniz. Yararl\u0131 ve etik web sitelerine yaln\u0131zca kaliteli ba\u011flant\u0131lar sa\u011flamaya \u00e7al\u0131\u015f\u0131rken, bu sitelerin i\u00e7eri\u011fi ve kalitesi \u00fczerinde hi\u00e7bir kontrol\u00fcm\u00fcz yoktur. Di\u011fer web sitelerine ba\u011flant\u0131lar, bu sitelerde bulunan t\u00fcm i\u00e7erikler i\u00e7in bir \u00f6neri te\u015fkil etmez. Site sahipleri ve i\u00e7erik \u00f6nceden haber verilmeksizin de\u011fi\u015ftirilebilir ve \u2018k\u00f6t\u00fc\u2019 olabilecek bir ba\u011flant\u0131y\u0131 kald\u0131rma f\u0131rsat\u0131m\u0131z olmadan ger\u00e7ekle\u015febilir.<\/p>\n<p>Ayr\u0131ca, web sitemizden ayr\u0131ld\u0131\u011f\u0131n\u0131zda, di\u011fer sitelerin kontrol\u00fcm\u00fcz d\u0131\u015f\u0131nda olan farkl\u0131 gizlilik politikalar\u0131na ve ko\u015fullar\u0131na sahip olabilece\u011fini unutmay\u0131n. Herhangi bir i\u015fletmeye girmeden veya herhangi bir bilgi y\u00fcklemeden \u00f6nce, l\u00fctfen bu sitelerin Gizlilik Politikalar\u0131n\u0131 ve \u201cHizmet \u015eartlar\u0131n\u0131\u201d kontrol etti\u011finizden emin olun.<\/p>\n<p>Raz\u0131 olmak<br \/>\nWeb sitemizi kullanarak, feragatnamemizi ve \u015fartlar\u0131m\u0131z\u0131 kabul etmi\u015f olursunuz.<\/p>\n<p>G\u00fcncelleme<br \/>\nBu belgeyi g\u00fcnceller, de\u011fi\u015ftirir veya de\u011fi\u015fiklik yaparsak, bu de\u011fi\u015fiklikler burada belirgin bir \u015fekilde yay\u0131nlan\u0131r.<\/p>","protected":false},"excerpt":{"rendered":"<p>Daha fazla bilgi i\u00e7in veya sitemizin feragatnamesi hakk\u0131nda herhangi bir sorunuz varsa, l\u00fctfen ileti\u015fim sayfas\u0131ndan bizimle ileti\u015fime ge\u00e7mekten \u00e7ekinmeyin. Feragatnameler Bu web sitesindeki t\u00fcm bilgiler \u2013 ydept.com \u2013 iyi niyetle ve sadece genel bilgi ama\u00e7l\u0131 yay\u0131nlanmaktad\u0131r. sitemiz bu bilgilerin eksiksizli\u011fi, g\u00fcvenilirli\u011fi ve do\u011frulu\u011fu konusunda hi\u00e7bir garanti vermez. Bu web sitesinde buldu\u011funuz bilgilerle ilgili herhangi bir [&hellip;]<\/p>\n","protected":false},"author":1,"featured_media":0,"parent":0,"menu_order":0,"comment_status":"closed","ping_status":"closed","template":"","meta":{"footnotes":""},"class_list":["post-142","page","type-page","status-publish","hentry"],"yoast_head":"<!-- This site is optimized with the Yoast SEO plugin v27.4 - https:\/\/yoast.com\/product\/yoast-seo-wordpress\/ -->\n<title>DMCA Disclaimer | Ydept<\/title>\n<meta name=\"robots\" content=\"index, follow, max-snippet:-1, max-image-preview:large, max-video-preview:-1\" \/>\n<link rel=\"canonical\" href=\"https:\/\/ydept.com\/en\/dmca-disclaimer\/\" \/>\n<meta property=\"og:locale\" content=\"en_US\" \/>\n<meta property=\"og:type\" content=\"article\" \/>\n<meta property=\"og:title\" content=\"DMCA Disclaimer | Ydept\" \/>\n<meta property=\"og:description\" content=\"Daha fazla bilgi i\u00e7in veya sitemizin feragatnamesi hakk\u0131nda herhangi bir sorunuz varsa, l\u00fctfen ileti\u015fim sayfas\u0131ndan bizimle ileti\u015fime ge\u00e7mekten \u00e7ekinmeyin. Feragatnameler Bu web sitesindeki t\u00fcm bilgiler \u2013 ydept.com \u2013 iyi niyetle ve sadece genel bilgi ama\u00e7l\u0131 yay\u0131nlanmaktad\u0131r. sitemiz bu bilgilerin eksiksizli\u011fi, g\u00fcvenilirli\u011fi ve do\u011frulu\u011fu konusunda hi\u00e7bir garanti vermez. Bu web sitesinde buldu\u011funuz bilgilerle ilgili herhangi bir [&hellip;]\" \/>\n<meta property=\"og:url\" content=\"https:\/\/ydept.com\/en\/dmca-disclaimer\/\" \/>\n<meta property=\"og:site_name\" content=\"Ydept\" \/>\n<meta property=\"article:modified_time\" content=\"2026-04-22T15:25:16+00:00\" \/>\n<meta name=\"twitter:card\" content=\"summary_large_image\" \/>\n<meta name=\"twitter:label1\" content=\"Est. reading time\" \/>\n\t<meta name=\"twitter:data1\" content=\"2 minutes\" \/>\n<script type=\"application\/ld+json\" class=\"yoast-schema-graph\">{\"@context\":\"https:\\\/\\\/schema.org\",\"@graph\":[{\"@type\":\"WebPage\",\"@id\":\"https:\\\/\\\/ydept.com\\\/dmca-disclaimer\\\/\",\"url\":\"https:\\\/\\\/ydept.com\\\/dmca-disclaimer\\\/\",\"name\":\"DMCA Disclaimer | Ydept\",\"isPartOf\":{\"@id\":\"https:\\\/\\\/ydept.com\\\/#website\"},\"datePublished\":\"2026-03-31T10:38:25+00:00\",\"dateModified\":\"2026-04-22T15:25:16+00:00\",\"breadcrumb\":{\"@id\":\"https:\\\/\\\/ydept.com\\\/dmca-disclaimer\\\/#breadcrumb\"},\"inLanguage\":\"en-US\",\"potentialAction\":[{\"@type\":\"ReadAction\",\"target\":[\"https:\\\/\\\/ydept.com\\\/dmca-disclaimer\\\/\"]}]},{\"@type\":\"BreadcrumbList\",\"@id\":\"https:\\\/\\\/ydept.com\\\/dmca-disclaimer\\\/#breadcrumb\",\"itemListElement\":[{\"@type\":\"ListItem\",\"position\":1,\"name\":\"Anasayfa\",\"item\":\"https:\\\/\\\/ydept.com\\\/\"},{\"@type\":\"ListItem\",\"position\":2,\"name\":\"DMCA Disclaimer\"}]},{\"@type\":\"WebSite\",\"@id\":\"https:\\\/\\\/ydept.com\\\/#website\",\"url\":\"https:\\\/\\\/ydept.com\\\/\",\"name\":\"Ydept\",\"description\":\"Uygulama &amp; Oyun\",\"potentialAction\":[{\"@type\":\"SearchAction\",\"target\":{\"@type\":\"EntryPoint\",\"urlTemplate\":\"https:\\\/\\\/ydept.com\\\/?s={search_term_string}\"},\"query-input\":{\"@type\":\"PropertyValueSpecification\",\"valueRequired\":true,\"valueName\":\"search_term_string\"}}],\"inLanguage\":\"en-US\"}]}<\/script>\n<!-- \/ Yoast SEO plugin. -->","yoast_head_json":{"title":"DMCA Disclaimer | Ydept","robots":{"index":"index","follow":"follow","max-snippet":"max-snippet:-1","max-image-preview":"max-image-preview:large","max-video-preview":"max-video-preview:-1"},"canonical":"https:\/\/ydept.com\/en\/dmca-disclaimer\/","og_locale":"en_US","og_type":"article","og_title":"DMCA Disclaimer | Ydept","og_description":"Daha fazla bilgi i\u00e7in veya sitemizin feragatnamesi hakk\u0131nda herhangi bir sorunuz varsa, l\u00fctfen ileti\u015fim sayfas\u0131ndan bizimle ileti\u015fime ge\u00e7mekten \u00e7ekinmeyin. Feragatnameler Bu web sitesindeki t\u00fcm bilgiler \u2013 ydept.com \u2013 iyi niyetle ve sadece genel bilgi ama\u00e7l\u0131 yay\u0131nlanmaktad\u0131r. sitemiz bu bilgilerin eksiksizli\u011fi, g\u00fcvenilirli\u011fi ve do\u011frulu\u011fu konusunda hi\u00e7bir garanti vermez. Bu web sitesinde buldu\u011funuz bilgilerle ilgili herhangi bir [&hellip;]","og_url":"https:\/\/ydept.com\/en\/dmca-disclaimer\/","og_site_name":"Ydept","article_modified_time":"2026-04-22T15:25:16+00:00","twitter_card":"summary_large_image","twitter_misc":{"Est. reading time":"2 minutes"},"schema":{"@context":"https:\/\/schema.org","@graph":[{"@type":"WebPage","@id":"https:\/\/ydept.com\/dmca-disclaimer\/","url":"https:\/\/ydept.com\/dmca-disclaimer\/","name":"DMCA Disclaimer | Ydept","isPartOf":{"@id":"https:\/\/ydept.com\/#website"},"datePublished":"2026-03-31T10:38:25+00:00","dateModified":"2026-04-22T15:25:16+00:00","breadcrumb":{"@id":"https:\/\/ydept.com\/dmca-disclaimer\/#breadcrumb"},"inLanguage":"en-US","potentialAction":[{"@type":"ReadAction","target":["https:\/\/ydept.com\/dmca-disclaimer\/"]}]},{"@type":"BreadcrumbList","@id":"https:\/\/ydept.com\/dmca-disclaimer\/#breadcrumb","itemListElement":[{"@type":"ListItem","position":1,"name":"Anasayfa","item":"https:\/\/ydept.com\/"},{"@type":"ListItem","position":2,"name":"DMCA Disclaimer"}]},{"@type":"WebSite","@id":"https:\/\/ydept.com\/#website","url":"https:\/\/ydept.com\/","name":"Ydept","description":"Uygulama &amp; Oyun","potentialAction":[{"@type":"SearchAction","target":{"@type":"EntryPoint","urlTemplate":"https:\/\/ydept.com\/?s={search_term_string}"},"query-input":{"@type":"PropertyValueSpecification","valueRequired":true,"valueName":"search_term_string"}}],"inLanguage":"en-US"}]}},"_links":{"self":[{"href":"https:\/\/ydept.com\/en\/wp-json\/wp\/v2\/pages\/142","targetHints":{"allow":["GET"]}}],"collection":[{"href":"https:\/\/ydept.com\/en\/wp-json\/wp\/v2\/pages"}],"about":[{"href":"https:\/\/ydept.com\/en\/wp-json\/wp\/v2\/types\/page"}],"author":[{"embeddable":true,"href":"https:\/\/ydept.com\/en\/wp-json\/wp\/v2\/users\/1"}],"replies":[{"embeddable":true,"href":"https:\/\/ydept.com\/en\/wp-json\/wp\/v2\/comments?post=142"}],"version-history":[{"count":3,"href":"https:\/\/ydept.com\/en\/wp-json\/wp\/v2\/pages\/142\/revisions"}],"predecessor-version":[{"id":173,"href":"https:\/\/ydept.com\/en\/wp-json\/wp\/v2\/pages\/142\/revisions\/173"}],"wp:attachment":[{"href":"https:\/\/ydept.com\/en\/wp-json\/wp\/v2\/media?parent=142"}],"curies":[{"name":"wp","href":"https:\/\/api.w.org\/{rel}","templated":true}]}}